{"id":867,"date":"2017-11-09T15:15:30","date_gmt":"2017-11-09T20:15:30","guid":{"rendered":"http:\/\/wp-master-powergo.eliappwordpress1sto.elisys-servers.ca\/cotes-a-cotes\/"},"modified":"2023-10-30T16:28:58","modified_gmt":"2023-10-30T20:28:58","slug":"side-by-sides","status":"publish","type":"page","link":"https:\/\/www.kensmarine.ca\/en\/side-by-sides\/","title":{"rendered":"New Side-by-sides"},"content":{"rendered":"","protected":false},"excerpt":{"rendered":"","protected":false},"author":1,"featured_media":0,"parent":0,"menu_order":0,"comment_status":"closed","ping_status":"closed","template":"template-listing-new-products.php","meta":[],"acf":{"content_featured_type":"","page_arg_new":true,"page_arg_new_category":[{"value":"side-by-side","label":"V\u00e9hicules c\u00f4te \u00e0 c\u00f4te"}],"page_arg_new_make":[],"contact_form_custom_html_id":"","page_arg_instock":false,"page_arg_new_type":false},"_links":{"self":[{"href":"https:\/\/www.kensmarine.ca\/en\/wp-json\/wp\/v2\/pages\/867"}],"collection":[{"href":"https:\/\/www.kensmarine.ca\/en\/wp-json\/wp\/v2\/pages"}],"about":[{"href":"https:\/\/www.kensmarine.ca\/en\/wp-json\/wp\/v2\/types\/page"}],"author":[{"embeddable":true,"href":"https:\/\/www.kensmarine.ca\/en\/wp-json\/wp\/v2\/users\/1"}],"replies":[{"embeddable":true,"href":"https:\/\/www.kensmarine.ca\/en\/wp-json\/wp\/v2\/comments?post=867"}],"version-history":[{"count":3,"href":"https:\/\/www.kensmarine.ca\/en\/wp-json\/wp\/v2\/pages\/867\/revisions"}],"predecessor-version":[{"id":1196,"href":"https:\/\/www.kensmarine.ca\/en\/wp-json\/wp\/v2\/pages\/867\/revisions\/1196"}],"wp:attachment":[{"href":"https:\/\/www.kensmarine.ca\/en\/wp-json\/wp\/v2\/media?parent=867"}],"curies":[{"name":"wp","href":"https:\/\/api.w.org\/{rel}","templated":true}]}}